{"id":1773,"date":"2025-01-23T09:39:29","date_gmt":"2025-01-23T09:39:29","guid":{"rendered":"https:\/\/jnodwater.com\/?page_id=1773"},"modified":"2025-03-31T06:09:48","modified_gmt":"2025-03-31T06:09:48","slug":"blogs","status":"publish","type":"page","link":"https:\/\/www.jnodwater.com\/es\/blogs\/","title":{"rendered":"Blogs"},"content":{"rendered":"<div data-elementor-type=\"wp-page\" data-elementor-id=\"1773\" class=\"elementor elementor-1773\" data-elementor-settings=\"{&quot;element_pack_global_tooltip_width&quot;:{&quot;unit&quot;:&quot;px&quot;,&quot;size&quot;:&quot;&quot;,&quot;sizes&quot;:[]},&quot;element_pack_global_tooltip_width_tablet&quot;:{&quot;unit&quot;:&quot;px&quot;,&quot;size&quot;:&quot;&quot;,&quot;sizes&quot;:[]},&quot;element_pack_global_tooltip_width_mobile&quot;:{&quot;unit&quot;:&quot;px&quot;,&quot;size&quot;:&quot;&quot;,&quot;sizes&quot;:[]},&quot;element_pack_global_tooltip_padding&quot;:{&quot;unit&quot;:&quot;px&quot;,&quot;top&quot;:&quot;&quot;,&quot;right&quot;:&quot;&quot;,&quot;bottom&quot;:&quot;&quot;,&quot;left&quot;:&quot;&quot;,&quot;isLinked&quot;:true},&quot;element_pack_global_tooltip_padding_tablet&quot;:{&quot;unit&quot;:&quot;px&quot;,&quot;top&quot;:&quot;&quot;,&quot;right&quot;:&quot;&quot;,&quot;bottom&quot;:&quot;&quot;,&quot;left&quot;:&quot;&quot;,&quot;isLinked&quot;:true},&quot;element_pack_global_tooltip_padding_mobile&quot;:{&quot;unit&quot;:&quot;px&quot;,&quot;top&quot;:&quot;&quot;,&quot;right&quot;:&quot;&quot;,&quot;bottom&quot;:&quot;&quot;,&quot;left&quot;:&quot;&quot;,&quot;isLinked&quot;:true},&quot;element_pack_global_tooltip_border_radius&quot;:{&quot;unit&quot;:&quot;px&quot;,&quot;top&quot;:&quot;&quot;,&quot;right&quot;:&quot;&quot;,&quot;bottom&quot;:&quot;&quot;,&quot;left&quot;:&quot;&quot;,&quot;isLinked&quot;:true},&quot;element_pack_global_tooltip_border_radius_tablet&quot;:{&quot;unit&quot;:&quot;px&quot;,&quot;top&quot;:&quot;&quot;,&quot;right&quot;:&quot;&quot;,&quot;bottom&quot;:&quot;&quot;,&quot;left&quot;:&quot;&quot;,&quot;isLinked&quot;:true},&quot;element_pack_global_tooltip_border_radius_mobile&quot;:{&quot;unit&quot;:&quot;px&quot;,&quot;top&quot;:&quot;&quot;,&quot;right&quot;:&quot;&quot;,&quot;bottom&quot;:&quot;&quot;,&quot;left&quot;:&quot;&quot;,&quot;isLinked&quot;:true}}\" data-elementor-post-type=\"page\">\n\t\t\t\t<div class=\"elementor-element elementor-element-dca713b e-flex e-con-boxed e-con e-parent\" data-id=\"dca713b\" data-element_type=\"container\" data-settings=\"{&quot;background_background&quot;:&quot;classic&quot;,&quot;shape_divider_bottom&quot;:&quot;waves&quot;}\">\n\t\t\t\t\t<div class=\"e-con-inner\">\n\t\t\t\t<div class=\"elementor-shape elementor-shape-bottom\" data-negative=\"false\">\n\t\t\t<svg xmlns=\"http:\/\/www.w3.org\/2000\/svg\" viewbox=\"0 0 1000 100\" preserveaspectratio=\"none\">\n\t<path class=\"elementor-shape-fill\" d=\"M421.9,6.5c22.6-2.5,51.5,0.4,75.5,5.3c23.6,4.9,70.9,23.5,100.5,35.7c75.8,32.2,133.7,44.5,192.6,49.7\tc23.6,2.1,48.7,3.5,103.4-2.5c54.7-6,106.2-25.6,106.2-25.6V0H0v30.3c0,0,72,32.6,158.4,30.5c39.2-0.7,92.8-6.7,134-22.4\tc21.2-8.1,52.2-18.2,79.7-24.2C399.3,7.9,411.6,7.5,421.9,6.5z\"\/>\n<\/svg>\t\t<\/div>\n\t\t\t\t<div class=\"elementor-element elementor-element-1b4d1cd elementor-widget elementor-widget-heading\" data-id=\"1b4d1cd\" data-element_type=\"widget\" data-widget_type=\"heading.default\">\n\t\t\t\t<div class=\"elementor-widget-container\">\n\t\t\t\t\t<h1 class=\"elementor-heading-title elementor-size-default\">Blogs<\/h1>\t\t\t\t<\/div>\n\t\t\t\t<\/div>\n\t\t\t\t<div class=\"elementor-element elementor-element-d170094 elementor-widget elementor-widget-pp-breadcrumbs\" data-id=\"d170094\" data-element_type=\"widget\" data-settings=\"{&quot;breadcrumbs_type&quot;:&quot;powerpack&quot;}\" data-widget_type=\"pp-breadcrumbs.default\">\n\t\t\t\t<div class=\"elementor-widget-container\">\n\t\t\t\t\t<ul class=\"pp-breadcrumbs pp-breadcrumbs-powerpack\">\t\t<li class=\"pp-breadcrumbs-item pp-breadcrumbs-item-home\">\n\t\t\t<a class=\"pp-breadcrumbs-crumb pp-breadcrumbs-crumb-link pp-breadcrumbs-crumb-home\" href=\"https:\/\/www.jnodwater.com\/es\" title=\"Inicio\">\n\t\t\t\t<span class=\"pp-breadcrumbs-text\">\n\t\t\t\t\t\t\t\t\t\tInicio\t\t\t\t<\/span>\n\t\t\t<\/a>\n\t\t<\/li>\n\t\t<li class=\"pp-breadcrumbs-separator\">\t\t\t\t<span class='pp-separator-icon pp-icon'>\n\t\t\t\t\t<i aria-hidden=\"true\" class=\"fas fa-angle-right\"><\/i>\t\t\t\t<\/span>\n\t\t\t\t<\/li><\/ul>\t\t\t\t<\/div>\n\t\t\t\t<\/div>\n\t\t\t\t\t<\/div>\n\t\t\t\t<\/div>\n\t\t<div class=\"elementor-element elementor-element-4dc7baa e-flex e-con-boxed e-con e-parent\" data-id=\"4dc7baa\" data-element_type=\"container\">\n\t\t\t\t\t<div class=\"e-con-inner\">\n\t\t\t\t<div class=\"elementor-element elementor-element-1764f81 elementor-grid-4 elementor-grid-tablet-2 elementor-grid-mobile-1 elementor-widget elementor-widget-pp-posts\" data-id=\"1764f81\" data-element_type=\"widget\" data-widget_type=\"pp-posts.classic\">\n\t\t\t\t<div class=\"elementor-widget-container\">\n\t\t\t\t\t\t\t<div class=\"pp-posts-container\">\n\t\t\t\n\t\t\t\t\t\t\t\t\t\t\n\t\t\t<div class=\"pp-posts pp-posts-skin-classic elementor-grid pp-posts-grid\" data-query-type=\"custom\" data-layout=\"grid\" data-page=\"1773\" data-skin=\"classic\">\n\t\t\t\t\t\t\t\t\t\t\t<div class=\"pp-post-wrap pp-grid-item-wrap elementor-grid-item post-5080 post type-post status-publish format-standard has-post-thumbnail hentry category-company-news\">\n\t\t\t\t\t\t<div class=\"pp-post pp-grid-item\">\n\t\t\t\t\t\t<div class=\"pp-post-thumbnail\">\n\t\t\t<a class=\"pp-post-thumbnail-wrap\" href=\"https:\/\/www.jnodwater.com\/es\/visit-jnod-at-the-139th-canton-fair-2026-explore-premium-under-counter-water-dispensers-in-guangzhou\/\" title=\"Visite JNOD en la 139\u00aa edici\u00f3n de la Feria de Cant\u00f3n 2026: Explore los dispensadores de agua bajo encimera de primera calidad en Guangzhou\">\n\t\t\t\t<img fetchpriority=\"high\" decoding=\"async\" width=\"800\" height=\"419\" src=\"https:\/\/www.jnodwater.com\/wp-content\/uploads\/2026\/04\/Under_Counter_Water_Dispenser_2643-1024x536.webp\" class=\"attachment-large size-large wp-image-5083\" alt=\"JNOD 139th Canton Fair 2026 Invitation - Proveedor de calentadores de agua el\u00e9ctricos instant\u00e1neos y dispensadores de agua bajo encimera\" srcset=\"https:\/\/www.jnodwater.com\/wp-content\/uploads\/2026\/04\/Under_Counter_Water_Dispenser_2643-1024x536.webp 1024w, https:\/\/www.jnodwater.com\/wp-content\/uploads\/2026\/04\/Under_Counter_Water_Dispenser_2643-300x157.webp 300w, https:\/\/www.jnodwater.com\/wp-content\/uploads\/2026\/04\/Under_Counter_Water_Dispenser_2643-768x402.webp 768w, https:\/\/www.jnodwater.com\/wp-content\/uploads\/2026\/04\/Under_Counter_Water_Dispenser_2643-18x9.webp 18w, https:\/\/www.jnodwater.com\/wp-content\/uploads\/2026\/04\/Under_Counter_Water_Dispenser_2643-600x314.webp 600w, https:\/\/www.jnodwater.com\/wp-content\/uploads\/2026\/04\/Under_Counter_Water_Dispenser_2643.webp 1200w\" sizes=\"(max-width: 800px) 100vw, 800px\" \/>\t\t\t<\/a>\n\t\t<\/div>\n\t\t\n\t\t\t\t\n\t\t\t\t<div class=\"pp-post-content-wrap\">\n\t\t\t\t\t<div class=\"pp-post-content\">\n\t\t\t\t\t\t\t\t\t\t\t\t<h4 class=\"pp-post-title\">\n\t\t\t\t<a href=\"https:\/\/www.jnodwater.com\/es\/visit-jnod-at-the-139th-canton-fair-2026-explore-premium-under-counter-water-dispensers-in-guangzhou\/\">Visite JNOD en la 139\u00aa edici\u00f3n de la Feria de Cant\u00f3n 2026: Explore los dispensadores de agua bajo encimera de primera calidad en Guangzhou<\/a>\t\t\t<\/h4>\n\t\t\t\t\t\t\t<div class=\"pp-post-excerpt\">\n\t\t\t<p>139\u00aa Feria de Importaci\u00f3n y Exportaci\u00f3n de China (Feria de Cant\u00f3n) - ...<\/p>\n\t\t<\/div>\n\t\t\t\t\t\t\t\t\t<\/div>\n\t\t\t\t\t\t\t\t\t<\/div>\n\n\t\t\t\t\t\t\t<\/div>\n\t\t\t\t\t<\/div>\n\t\t\t\t<div class=\"pp-post-wrap pp-grid-item-wrap elementor-grid-item post-5073 post type-post status-publish format-standard has-post-thumbnail hentry category-product-introduction tag-3-in-1-boiling-water-system tag-boiling-water-system tag-boiling-water-tap tag-commercial-water-dispenser tag-high-flow-rate tag-hot-water-dispenser tag-instant-boiling-water-faucet tag-instant-hot-water-dispenser tag-jnod tag-multi-function-tap tag-office-kitchen tag-scale-free tag-tuya-smart tag-under-sink-boiling-water-dispenser\">\n\t\t\t\t\t\t<div class=\"pp-post pp-grid-item\">\n\t\t\t\t\t\t<div class=\"pp-post-thumbnail\">\n\t\t\t<a class=\"pp-post-thumbnail-wrap\" href=\"https:\/\/www.jnodwater.com\/es\/never-run-out-of-coffee-breaks-why-jnods-18l-h-under-sink-system-is-the-ultimate-office-hydration-station\/\" title=\"Nunca te quedes sin caf\u00e9: Por qu\u00e9 el sistema bajo fregadero de 18 l\/h de JNOD es la estaci\u00f3n de hidrataci\u00f3n definitiva para la oficina\">\n\t\t\t\t<img decoding=\"async\" width=\"800\" height=\"500\" src=\"https:\/\/www.jnodwater.com\/wp-content\/uploads\/2026\/03\/boiling-water-tap-1-1-1024x640.webp\" class=\"attachment-large size-large wp-image-5077\" alt=\"grifo de agua hirviendo\" srcset=\"https:\/\/www.jnodwater.com\/wp-content\/uploads\/2026\/03\/boiling-water-tap-1-1-1024x640.webp 1024w, https:\/\/www.jnodwater.com\/wp-content\/uploads\/2026\/03\/boiling-water-tap-1-1-300x188.webp 300w, https:\/\/www.jnodwater.com\/wp-content\/uploads\/2026\/03\/boiling-water-tap-1-1-768x480.webp 768w, https:\/\/www.jnodwater.com\/wp-content\/uploads\/2026\/03\/boiling-water-tap-1-1-1536x960.webp 1536w, https:\/\/www.jnodwater.com\/wp-content\/uploads\/2026\/03\/boiling-water-tap-1-1-18x12.webp 18w, https:\/\/www.jnodwater.com\/wp-content\/uploads\/2026\/03\/boiling-water-tap-1-1-600x375.webp 600w, https:\/\/www.jnodwater.com\/wp-content\/uploads\/2026\/03\/boiling-water-tap-1-1.webp 1600w\" sizes=\"(max-width: 800px) 100vw, 800px\" \/>\t\t\t<\/a>\n\t\t<\/div>\n\t\t\n\t\t\t\t\n\t\t\t\t<div class=\"pp-post-content-wrap\">\n\t\t\t\t\t<div class=\"pp-post-content\">\n\t\t\t\t\t\t\t\t\t\t\t\t<h4 class=\"pp-post-title\">\n\t\t\t\t<a href=\"https:\/\/www.jnodwater.com\/es\/never-run-out-of-coffee-breaks-why-jnods-18l-h-under-sink-system-is-the-ultimate-office-hydration-station\/\">Nunca te quedes sin caf\u00e9: Por qu\u00e9 el sistema bajo fregadero de 18 l\/h de JNOD es la estaci\u00f3n de hidrataci\u00f3n definitiva para la oficina<\/a>\t\t\t<\/h4>\n\t\t\t\t\t\t\t<div class=\"pp-post-excerpt\">\n\t\t\t<p>Hay un momento que ocurre en casi todas las oficinas a media ma\u00f1ana, cuando ...<\/p>\n\t\t<\/div>\n\t\t\t\t\t\t\t\t\t<\/div>\n\t\t\t\t\t\t\t\t\t<\/div>\n\n\t\t\t\t\t\t\t<\/div>\n\t\t\t\t\t<\/div>\n\t\t\t\t<div class=\"pp-post-wrap pp-grid-item-wrap elementor-grid-item post-5066 post type-post status-publish format-standard has-post-thumbnail hentry category-product-introduction\">\n\t\t\t\t\t\t<div class=\"pp-post pp-grid-item\">\n\t\t\t\t\t\t<div class=\"pp-post-thumbnail\">\n\t\t\t<a class=\"pp-post-thumbnail-wrap\" href=\"https:\/\/www.jnodwater.com\/es\/thinking-of-installing-a-sparkling-water-tap-for-home-heres-why-youll-love-jnod\/\" title=\"\u00bfEst\u00e1 pensando en instalar un grifo de agua con gas en casa? Por eso le encantar\u00e1 JNOD.\">\n\t\t\t\t<img decoding=\"async\" width=\"800\" height=\"600\" src=\"https:\/\/www.jnodwater.com\/wp-content\/uploads\/2026\/03\/sparkling_water_tap-1-1024x768.webp\" class=\"attachment-large size-large wp-image-5071\" alt=\"grifo_agua_con_gota\" srcset=\"https:\/\/www.jnodwater.com\/wp-content\/uploads\/2026\/03\/sparkling_water_tap-1-1024x768.webp 1024w, https:\/\/www.jnodwater.com\/wp-content\/uploads\/2026\/03\/sparkling_water_tap-1-300x225.webp 300w, https:\/\/www.jnodwater.com\/wp-content\/uploads\/2026\/03\/sparkling_water_tap-1-768x576.webp 768w, https:\/\/www.jnodwater.com\/wp-content\/uploads\/2026\/03\/sparkling_water_tap-1-1536x1152.webp 1536w, https:\/\/www.jnodwater.com\/wp-content\/uploads\/2026\/03\/sparkling_water_tap-1-2048x1536.webp 2048w, https:\/\/www.jnodwater.com\/wp-content\/uploads\/2026\/03\/sparkling_water_tap-1-16x12.webp 16w, https:\/\/www.jnodwater.com\/wp-content\/uploads\/2026\/03\/sparkling_water_tap-1-600x450.webp 600w\" sizes=\"(max-width: 800px) 100vw, 800px\" \/>\t\t\t<\/a>\n\t\t<\/div>\n\t\t\n\t\t\t\t\n\t\t\t\t<div class=\"pp-post-content-wrap\">\n\t\t\t\t\t<div class=\"pp-post-content\">\n\t\t\t\t\t\t\t\t\t\t\t\t<h4 class=\"pp-post-title\">\n\t\t\t\t<a href=\"https:\/\/www.jnodwater.com\/es\/thinking-of-installing-a-sparkling-water-tap-for-home-heres-why-youll-love-jnod\/\">\u00bfEst\u00e1 pensando en instalar un grifo de agua con gas en casa? Por eso le encantar\u00e1 JNOD.<\/a>\t\t\t<\/h4>\n\t\t\t\t\t\t\t<div class=\"pp-post-excerpt\">\n\t\t\t<p>\u00bfEs un grifo de agua con gas para casa la actualizaci\u00f3n que ...<\/p>\n\t\t<\/div>\n\t\t\t\t\t\t\t\t\t<\/div>\n\t\t\t\t\t\t\t\t\t<\/div>\n\n\t\t\t\t\t\t\t<\/div>\n\t\t\t\t\t<\/div>\n\t\t\t\t<div class=\"pp-post-wrap pp-grid-item-wrap elementor-grid-item post-5052 post type-post status-publish format-standard has-post-thumbnail hentry category-product-introduction\">\n\t\t\t\t\t\t<div class=\"pp-post pp-grid-item\">\n\t\t\t\t\t\t<div class=\"pp-post-thumbnail\">\n\t\t\t<a class=\"pp-post-thumbnail-wrap\" href=\"https:\/\/www.jnodwater.com\/es\/boost-efficiency-in-your-office-breakroom-with-the-jnod-b28de-instant-hot-water-dispenser\/\" title=\"Aumente la eficiencia en la sala de descanso de su oficina con el dispensador instant\u00e1neo de agua caliente JNOD B28DE\">\n\t\t\t\t<img loading=\"lazy\" decoding=\"async\" width=\"800\" height=\"534\" src=\"https:\/\/www.jnodwater.com\/wp-content\/uploads\/2026\/03\/Office_Hydration-03131-1024x683.webp\" class=\"attachment-large size-large wp-image-4980\" alt=\"Hidrataci\u00f3n en la oficina\" srcset=\"https:\/\/www.jnodwater.com\/wp-content\/uploads\/2026\/03\/Office_Hydration-03131-1024x683.webp 1024w, https:\/\/www.jnodwater.com\/wp-content\/uploads\/2026\/03\/Office_Hydration-03131-300x200.webp 300w, https:\/\/www.jnodwater.com\/wp-content\/uploads\/2026\/03\/Office_Hydration-03131-768x512.webp 768w, https:\/\/www.jnodwater.com\/wp-content\/uploads\/2026\/03\/Office_Hydration-03131-18x12.webp 18w, https:\/\/www.jnodwater.com\/wp-content\/uploads\/2026\/03\/Office_Hydration-03131-600x400.webp 600w, https:\/\/www.jnodwater.com\/wp-content\/uploads\/2026\/03\/Office_Hydration-03131.webp 1200w\" sizes=\"(max-width: 800px) 100vw, 800px\" \/>\t\t\t<\/a>\n\t\t<\/div>\n\t\t\n\t\t\t\t\n\t\t\t\t<div class=\"pp-post-content-wrap\">\n\t\t\t\t\t<div class=\"pp-post-content\">\n\t\t\t\t\t\t\t\t\t\t\t\t<h4 class=\"pp-post-title\">\n\t\t\t\t<a href=\"https:\/\/www.jnodwater.com\/es\/boost-efficiency-in-your-office-breakroom-with-the-jnod-b28de-instant-hot-water-dispenser\/\">Aumente la eficiencia en la sala de descanso de su oficina con el dispensador instant\u00e1neo de agua caliente JNOD B28DE<\/a>\t\t\t<\/h4>\n\t\t\t\t\t\t\t<div class=\"pp-post-excerpt\">\n\t\t\t<p>Reconozc\u00e1moslo: la tetera de la oficina no es el ...<\/p>\n\t\t<\/div>\n\t\t\t\t\t\t\t\t\t<\/div>\n\t\t\t\t\t\t\t\t\t<\/div>\n\n\t\t\t\t\t\t\t<\/div>\n\t\t\t\t\t<\/div>\n\t\t\t\t<div class=\"pp-post-wrap pp-grid-item-wrap elementor-grid-item post-4892 post type-post status-publish format-standard has-post-thumbnail hentry category-company-news\">\n\t\t\t\t\t\t<div class=\"pp-post pp-grid-item\">\n\t\t\t\t\t\t<div class=\"pp-post-thumbnail\">\n\t\t\t<a class=\"pp-post-thumbnail-wrap\" href=\"https:\/\/www.jnodwater.com\/es\/how-to-offer-unlimited-sparkling-water-in-the-office-without-plastic-bottles\/\" title=\"\u00bfC\u00f3mo ofrecer agua con gas ilimitada en la oficina sin botellas de pl\u00e1stico?\">\n\t\t\t\t<img loading=\"lazy\" decoding=\"async\" width=\"800\" height=\"800\" src=\"https:\/\/www.jnodwater.com\/wp-content\/uploads\/2026\/03\/commercial_water_dispenser.webp\" class=\"attachment-large size-large wp-image-4899\" alt=\"dispensador_de_agua_comercial\" srcset=\"https:\/\/www.jnodwater.com\/wp-content\/uploads\/2026\/03\/commercial_water_dispenser.webp 1000w, https:\/\/www.jnodwater.com\/wp-content\/uploads\/2026\/03\/commercial_water_dispenser-300x300.webp 300w, https:\/\/www.jnodwater.com\/wp-content\/uploads\/2026\/03\/commercial_water_dispenser-150x150.webp 150w, https:\/\/www.jnodwater.com\/wp-content\/uploads\/2026\/03\/commercial_water_dispenser-768x768.webp 768w, https:\/\/www.jnodwater.com\/wp-content\/uploads\/2026\/03\/commercial_water_dispenser-12x12.webp 12w, https:\/\/www.jnodwater.com\/wp-content\/uploads\/2026\/03\/commercial_water_dispenser-600x600.webp 600w\" sizes=\"(max-width: 800px) 100vw, 800px\" \/>\t\t\t<\/a>\n\t\t<\/div>\n\t\t\n\t\t\t\t\n\t\t\t\t<div class=\"pp-post-content-wrap\">\n\t\t\t\t\t<div class=\"pp-post-content\">\n\t\t\t\t\t\t\t\t\t\t\t\t<h4 class=\"pp-post-title\">\n\t\t\t\t<a href=\"https:\/\/www.jnodwater.com\/es\/how-to-offer-unlimited-sparkling-water-in-the-office-without-plastic-bottles\/\">\u00bfC\u00f3mo ofrecer agua con gas ilimitada en la oficina sin botellas de pl\u00e1stico?<\/a>\t\t\t<\/h4>\n\t\t\t\t\t\t\t<div class=\"pp-post-excerpt\">\n\t\t\t<p>Instale un enfriador comercial de agua con gas bajo el fregadero de JNOD. Con ...<\/p>\n\t\t<\/div>\n\t\t\t\t\t\t\t\t\t<\/div>\n\t\t\t\t\t\t\t\t\t<\/div>\n\n\t\t\t\t\t\t\t<\/div>\n\t\t\t\t\t<\/div>\n\t\t\t\t<div class=\"pp-post-wrap pp-grid-item-wrap elementor-grid-item post-4863 post type-post status-publish format-standard has-post-thumbnail hentry category-company-news\">\n\t\t\t\t\t\t<div class=\"pp-post pp-grid-item\">\n\t\t\t\t\t\t<div class=\"pp-post-thumbnail\">\n\t\t\t<a class=\"pp-post-thumbnail-wrap\" href=\"https:\/\/www.jnodwater.com\/es\/jnod-2025-annual-gala-celebrating-success-embracing-a-new-chapter\/\" title=\"Gala anual JNOD 2025: Celebrando el \u00e9xito, abrazando un nuevo cap\u00edtulo\">\n\t\t\t\t<img loading=\"lazy\" decoding=\"async\" width=\"800\" height=\"600\" src=\"https:\/\/www.jnodwater.com\/wp-content\/uploads\/2026\/02\/20260228-3-1024x768.webp\" class=\"attachment-large size-large wp-image-4869\" alt=\"\" srcset=\"https:\/\/www.jnodwater.com\/wp-content\/uploads\/2026\/02\/20260228-3-1024x768.webp 1024w, https:\/\/www.jnodwater.com\/wp-content\/uploads\/2026\/02\/20260228-3-300x225.webp 300w, https:\/\/www.jnodwater.com\/wp-content\/uploads\/2026\/02\/20260228-3-768x576.webp 768w, https:\/\/www.jnodwater.com\/wp-content\/uploads\/2026\/02\/20260228-3-16x12.webp 16w, https:\/\/www.jnodwater.com\/wp-content\/uploads\/2026\/02\/20260228-3-600x450.webp 600w, https:\/\/www.jnodwater.com\/wp-content\/uploads\/2026\/02\/20260228-3.webp 1440w\" sizes=\"(max-width: 800px) 100vw, 800px\" \/>\t\t\t<\/a>\n\t\t<\/div>\n\t\t\n\t\t\t\t\n\t\t\t\t<div class=\"pp-post-content-wrap\">\n\t\t\t\t\t<div class=\"pp-post-content\">\n\t\t\t\t\t\t\t\t\t\t\t\t<h4 class=\"pp-post-title\">\n\t\t\t\t<a href=\"https:\/\/www.jnodwater.com\/es\/jnod-2025-annual-gala-celebrating-success-embracing-a-new-chapter\/\">Gala anual JNOD 2025: Celebrando el \u00e9xito, abrazando un nuevo cap\u00edtulo<\/a>\t\t\t<\/h4>\n\t\t\t\t\t\t\t<div class=\"pp-post-excerpt\">\n\t\t\t<p>En febrero de 2026, el Grupo JNOD organiz\u00f3 su espectacular ...<\/p>\n\t\t<\/div>\n\t\t\t\t\t\t\t\t\t<\/div>\n\t\t\t\t\t\t\t\t\t<\/div>\n\n\t\t\t\t\t\t\t<\/div>\n\t\t\t\t\t<\/div>\n\t\t\t\t<div class=\"pp-post-wrap pp-grid-item-wrap elementor-grid-item post-4851 post type-post status-publish format-standard has-post-thumbnail hentry category-product-introduction\">\n\t\t\t\t\t\t<div class=\"pp-post pp-grid-item\">\n\t\t\t\t\t\t<div class=\"pp-post-thumbnail\">\n\t\t\t<a class=\"pp-post-thumbnail-wrap\" href=\"https:\/\/www.jnodwater.com\/es\/elevate-your-business-hydration-with-the-jnod-ultimate-commercial-sparkling-water-chiller-system\/\" title=\"Mejore la hidrataci\u00f3n de su negocio con el sistema de refrigeraci\u00f3n de agua con gas JNOD Ultimate Commercial Sparkling Water Chiller System\">\n\t\t\t\t<img loading=\"lazy\" decoding=\"async\" width=\"800\" height=\"600\" src=\"https:\/\/www.jnodwater.com\/wp-content\/uploads\/2026\/02\/0207-1-1024x768.webp\" class=\"attachment-large size-large wp-image-4858\" alt=\"\" srcset=\"https:\/\/www.jnodwater.com\/wp-content\/uploads\/2026\/02\/0207-1-1024x768.webp 1024w, https:\/\/www.jnodwater.com\/wp-content\/uploads\/2026\/02\/0207-1-300x225.webp 300w, https:\/\/www.jnodwater.com\/wp-content\/uploads\/2026\/02\/0207-1-768x576.webp 768w, https:\/\/www.jnodwater.com\/wp-content\/uploads\/2026\/02\/0207-1-1536x1152.webp 1536w, https:\/\/www.jnodwater.com\/wp-content\/uploads\/2026\/02\/0207-1-16x12.webp 16w, https:\/\/www.jnodwater.com\/wp-content\/uploads\/2026\/02\/0207-1-600x450.webp 600w, https:\/\/www.jnodwater.com\/wp-content\/uploads\/2026\/02\/0207-1.webp 2000w\" sizes=\"(max-width: 800px) 100vw, 800px\" \/>\t\t\t<\/a>\n\t\t<\/div>\n\t\t\n\t\t\t\t\n\t\t\t\t<div class=\"pp-post-content-wrap\">\n\t\t\t\t\t<div class=\"pp-post-content\">\n\t\t\t\t\t\t\t\t\t\t\t\t<h4 class=\"pp-post-title\">\n\t\t\t\t<a href=\"https:\/\/www.jnodwater.com\/es\/elevate-your-business-hydration-with-the-jnod-ultimate-commercial-sparkling-water-chiller-system\/\">Mejore la hidrataci\u00f3n de su negocio con el sistema de refrigeraci\u00f3n de agua con gas JNOD Ultimate Commercial Sparkling Water Chiller System<\/a>\t\t\t<\/h4>\n\t\t\t\t\t\t\t<div class=\"pp-post-excerpt\">\n\t\t\t<p>Cansado del coste constante y del desorden de las botellas ...<\/p>\n\t\t<\/div>\n\t\t\t\t\t\t\t\t\t<\/div>\n\t\t\t\t\t\t\t\t\t<\/div>\n\n\t\t\t\t\t\t\t<\/div>\n\t\t\t\t\t<\/div>\n\t\t\t\t<div class=\"pp-post-wrap pp-grid-item-wrap elementor-grid-item post-4841 post type-post status-publish format-standard has-post-thumbnail hentry category-company-news\">\n\t\t\t\t\t\t<div class=\"pp-post pp-grid-item\">\n\t\t\t\t\t\t<div class=\"pp-post-thumbnail\">\n\t\t\t<a class=\"pp-post-thumbnail-wrap\" href=\"https:\/\/www.jnodwater.com\/es\/jnod-group-successfully-concludes-2025-review-2026-strategic-planning-conference\/\" title=\"El Grupo JNOD concluye con \u00e9xito la Conferencia de Revisi\u00f3n 2025 y Planificaci\u00f3n Estrat\u00e9gica 2026\">\n\t\t\t\t<img loading=\"lazy\" decoding=\"async\" width=\"800\" height=\"473\" src=\"https:\/\/www.jnodwater.com\/wp-content\/uploads\/2026\/01\/04-1024x605.webp\" class=\"attachment-large size-large wp-image-4845\" alt=\"\" srcset=\"https:\/\/www.jnodwater.com\/wp-content\/uploads\/2026\/01\/04-1024x605.webp 1024w, https:\/\/www.jnodwater.com\/wp-content\/uploads\/2026\/01\/04-300x177.webp 300w, https:\/\/www.jnodwater.com\/wp-content\/uploads\/2026\/01\/04-768x453.webp 768w, https:\/\/www.jnodwater.com\/wp-content\/uploads\/2026\/01\/04-1536x907.webp 1536w, https:\/\/www.jnodwater.com\/wp-content\/uploads\/2026\/01\/04-2048x1209.webp 2048w, https:\/\/www.jnodwater.com\/wp-content\/uploads\/2026\/01\/04-18x12.webp 18w, https:\/\/www.jnodwater.com\/wp-content\/uploads\/2026\/01\/04-600x354.webp 600w\" sizes=\"(max-width: 800px) 100vw, 800px\" \/>\t\t\t<\/a>\n\t\t<\/div>\n\t\t\n\t\t\t\t\n\t\t\t\t<div class=\"pp-post-content-wrap\">\n\t\t\t\t\t<div class=\"pp-post-content\">\n\t\t\t\t\t\t\t\t\t\t\t\t<h4 class=\"pp-post-title\">\n\t\t\t\t<a href=\"https:\/\/www.jnodwater.com\/es\/jnod-group-successfully-concludes-2025-review-2026-strategic-planning-conference\/\">El Grupo JNOD concluye con \u00e9xito la Conferencia de Revisi\u00f3n 2025 y Planificaci\u00f3n Estrat\u00e9gica 2026<\/a>\t\t\t<\/h4>\n\t\t\t\t\t\t\t<div class=\"pp-post-excerpt\">\n\t\t\t<p>En una importante reuni\u00f3n destinada a revisar exhaustivamente el funcionamiento ...<\/p>\n\t\t<\/div>\n\t\t\t\t\t\t\t\t\t<\/div>\n\t\t\t\t\t\t\t\t\t<\/div>\n\n\t\t\t\t\t\t\t<\/div>\n\t\t\t\t\t<\/div>\n\t\t\t\t\t\t\t\t\t<\/div>\n\t\t\t\n\t\t\t\n\t\t\t\n\t\t\t\n\t\t\t\t\t\t\t\t\t\t\t<div class=\"pp-posts-pagination-wrap pp-posts-pagination-bottom\">\n\t\t\t\t\t\t\t\t<nav class=\"pp-posts-pagination pp-posts-pagination-ajax elementor-pagination\" role=\"navigation\" aria-label=\"Paginaci\u00f3n\" data-total=\"4\">\n\t\t\t\t<span aria-current=\"page\" class=\"page-numbers current\">1<\/span>\n<a class=\"page-numbers\" href=\"https:\/\/www.jnodwater.com\/wp-json\/wp\/v2\/pages\/1773\/page\/2\/\">2<\/a>\n<a class=\"page-numbers\" href=\"https:\/\/www.jnodwater.com\/wp-json\/wp\/v2\/pages\/1773\/page\/3\/\">3<\/a>\n<a class=\"page-numbers\" href=\"https:\/\/www.jnodwater.com\/wp-json\/wp\/v2\/pages\/1773\/page\/4\/\">4<\/a>\n<a class=\"next page-numbers\" href=\"https:\/\/www.jnodwater.com\/wp-json\/wp\/v2\/pages\/1773\/page\/2\/\">Siguiente \u00bb<\/a>\t\t\t<\/nav>\n\t\t\t\t\t\t\t<\/div>\n\t\t\t\t\t\t\t\t\t<\/div>\n\n\t\t\n\t\t\t\t\t\t<\/div>\n\t\t\t\t<\/div>\n\t\t\t\t\t<\/div>\n\t\t\t\t<\/div>\n\t\t\t\t<\/div>","protected":false},"excerpt":{"rendered":"<p>Blogs Inicio Dispensador Proveedor en China Desde 2009, JNOD ha innovado continuamente, la mejora de productos y servicios ... Dispensador Proveedor en China Desde 2009, JNOD ha innovado continuamente, la mejora de productos y servicios ... Dispensador Proveedor en China Desde 2009, JNOD ha innovado continuamente, la mejora de productos y servicios ... Dispensador Proveedor en China Desde 2009, JNOD ha [...]<\/p>","protected":false},"author":4,"featured_media":0,"parent":0,"menu_order":0,"comment_status":"closed","ping_status":"closed","template":"","meta":{"_acf_changed":false,"_seopress_robots_primary_cat":"","_seopress_titles_title":"JNOD Blogs | Expert Insights on Water Solutions","_seopress_titles_desc":"Read the latest blogs from JNOD. Discover news, tips, and insights on water dispensers, smart solutions, and industry trends to stay ahead.","_seopress_robots_index":"","footnotes":""},"class_list":["post-1773","page","type-page","status-publish","hentry"],"acf":[],"_links":{"self":[{"href":"https:\/\/www.jnodwater.com\/es\/wp-json\/wp\/v2\/pages\/1773","targetHints":{"allow":["GET"]}}],"collection":[{"href":"https:\/\/www.jnodwater.com\/es\/wp-json\/wp\/v2\/pages"}],"about":[{"href":"https:\/\/www.jnodwater.com\/es\/wp-json\/wp\/v2\/types\/page"}],"author":[{"embeddable":true,"href":"https:\/\/www.jnodwater.com\/es\/wp-json\/wp\/v2\/users\/4"}],"replies":[{"embeddable":true,"href":"https:\/\/www.jnodwater.com\/es\/wp-json\/wp\/v2\/comments?post=1773"}],"version-history":[{"count":0,"href":"https:\/\/www.jnodwater.com\/es\/wp-json\/wp\/v2\/pages\/1773\/revisions"}],"wp:attachment":[{"href":"https:\/\/www.jnodwater.com\/es\/wp-json\/wp\/v2\/media?parent=1773"}],"curies":[{"name":"wp","href":"https:\/\/api.w.org\/{rel}","templated":true}]}}